{"id":1402,"date":"2024-10-30T05:39:45","date_gmt":"2024-10-30T05:39:45","guid":{"rendered":"https:\/\/ignislabs.netblots.com.au\/?page_id=1402"},"modified":"2025-10-17T03:09:03","modified_gmt":"2025-10-17T03:09:03","slug":"material-classification","status":"publish","type":"page","link":"https:\/\/ignislabs.com.au\/de\/material-classification\/","title":{"rendered":"Materialklassifizierung"},"content":{"rendered":"<div data-elementor-type=\"wp-page\" data-elementor-id=\"1402\" class=\"elementor elementor-1402\" data-elementor-post-type=\"page\">\n\t\t\t\t<div class=\"elementor-element elementor-element-5a84a5e5 e-flex e-con-boxed e-con e-parent\" data-id=\"5a84a5e5\" data-element_type=\"container\" data-settings=\"{&quot;background_background&quot;:&quot;gradient&quot;}\">\n\t\t\t\t\t<div class=\"e-con-inner\">\n\t\t<div class=\"elementor-element elementor-element-6ebd322b e-con-full e-flex e-con e-child\" data-id=\"6ebd322b\" data-element_type=\"container\">\n\t\t\t\t<div class=\"elementor-element elementor-element-47e96b8a elementor-widget elementor-widget-text-editor\" data-id=\"47e96b8a\" data-element_type=\"widget\" data-widget_type=\"text-editor.default\">\n\t\t\t\t\t\t\t\t\tIgnis Labs ist in der einzigartigen Lage, Materialbrandpr\u00fcfungen gem\u00e4\u00df den Anforderungen der Bauvorschriften und Referenznormen durchzuf\u00fchren.\t\t\t\t\t\t\t\t<\/div>\n\t\t\t\t<\/div>\n\t\t<div class=\"elementor-element elementor-element-7a2a771f e-con-full e-flex e-con e-child\" data-id=\"7a2a771f\" data-element_type=\"container\" data-settings=\"{&quot;background_background&quot;:&quot;classic&quot;}\">\n\t\t\t\t<div class=\"elementor-element elementor-element-1c44bffc elementor-widget elementor-widget-image\" data-id=\"1c44bffc\" data-element_type=\"widget\" data-widget_type=\"image.default\">\n\t\t\t\t\t\t\t\t\t\t\t\t\t\t\t<img fetchpriority=\"high\" decoding=\"async\" width=\"600\" height=\"625\" src=\"https:\/\/ignislabs.com.au\/wp-content\/uploads\/2024\/02\/slide2.png\" class=\"attachment-full size-full wp-image-111\" alt=\"\" srcset=\"https:\/\/ignislabs.com.au\/wp-content\/uploads\/2024\/02\/slide2.png 600w, https:\/\/ignislabs.com.au\/wp-content\/uploads\/2024\/02\/slide2-288x300.png 288w\" sizes=\"(max-width: 600px) 100vw, 600px\" \/>\t\t\t\t\t\t\t\t\t\t\t\t\t\t\t<\/div>\n\t\t\t\t<\/div>\n\t\t\t\t\t<\/div>\n\t\t\t\t<\/div>\n\t\t<div class=\"elementor-element elementor-element-77627260 e-flex e-con-boxed e-con e-parent\" data-id=\"77627260\" data-element_type=\"container\">\n\t\t\t\t\t<div class=\"e-con-inner\">\n\t\t<div class=\"elementor-element elementor-element-66b20fc4 e-con-full e-flex e-con e-child\" data-id=\"66b20fc4\" data-element_type=\"container\">\n\t\t\t\t<div class=\"elementor-element elementor-element-3f9bee83 elementor-widget elementor-widget-text-editor\" data-id=\"3f9bee83\" data-element_type=\"widget\" data-widget_type=\"text-editor.default\">\n\t\t\t\t\t\t\t\t\t<p>EN 13501 ist eine europ\u00e4ische Norm, die ein System zur Klassifizierung von Materialien anhand ihres Brandverhaltens, ihrer Rauchentwicklung und ihres brennenden Abtropfens\/Abtropfens bereitstellt. Dieser umfassende Rahmen ist f\u00fcr die Bewertung der Brandsicherheit von Bauprodukten und Bauteilen unerl\u00e4sslich. Das Klassifizierungssystem der EN 13501 reicht von A1 (nicht brennbar) bis F (leicht entflammbar) und umfasst zus\u00e4tzliche Klassifizierungen f\u00fcr Rauchentwicklung (s1, s2, s3) und brennendes Abtropfen (d0, d1, d2). Die Norm verwendet verschiedene Pr\u00fcfungen zur Bewertung der Brennbarkeit, Flammenausbreitung, W\u00e4rmefreisetzung, Rauchentwicklung und des Auftretens brennenden Abtropfens bei Feuereinwirkung. Diese Klassifizierung unterst\u00fctzt Architekten, Bauherren und Planer bei der fundierten Materialauswahl auf Grundlage der Brandschutzanforderungen und gew\u00e4hrleistet die Einhaltung der Bauvorschriften in ganz Europa. Durch die Bereitstellung einer klaren und einheitlichen Methode zur Bewertung und Kommunikation des Brandverhaltens von Materialien tr\u00e4gt EN 13501 entscheidend zur Verbesserung der Geb\u00e4udesicherheit und zur Erleichterung des internationalen Handels mit Bauprodukten bei.<\/p><p>Ignis Labs ist f\u00fcr die Durchf\u00fchrung von Materialbewertungen gem\u00e4\u00df EN 13501 akkreditiert.<\/p><ul><li>EN 13501-1: Klassifizierung von Bauprodukten und Bauelementen hinsichtlich ihres Brandverhaltens \u2013 Teil 1: Klassifizierung anhand von Daten aus Pr\u00fcfungen zum Brandverhalten<\/li><li>EN 13501-2: Klassifizierung von Bauprodukten und Bauelementen nach dem Brandverhalten \u2013 Teil 2: Klassifizierung anhand von Daten aus Feuerwiderstandspr\u00fcfungen, ausgenommen L\u00fcftungsanlagen<\/li><\/ul>\t\t\t\t\t\t\t\t<\/div>\n\t\t\t\t<\/div>\n\t\t<div class=\"elementor-element elementor-element-73a2f30b e-con-full e-flex e-con e-child\" data-id=\"73a2f30b\" data-element_type=\"container\">\n\t\t<div class=\"elementor-element elementor-element-6fc4cfe e-flex e-con-boxed e-con e-child\" data-id=\"6fc4cfe\" data-element_type=\"container\" data-settings=\"{&quot;background_background&quot;:&quot;classic&quot;}\">\n\t\t\t\t\t<div class=\"e-con-inner\">\n\t\t\t\t<div class=\"elementor-element elementor-element-11049db7 elementor-widget elementor-widget-heading\" data-id=\"11049db7\" data-element_type=\"widget\" data-widget_type=\"heading.default\">\n\t\t\t\t\t<h4 class=\"elementor-heading-title elementor-size-default\">Unsere Dienste<\/h4>\t\t\t\t<\/div>\n\t\t\t\t<div class=\"elementor-element elementor-element-768d2089 elementor-widget-divider--view-line elementor-widget elementor-widget-divider\" data-id=\"768d2089\" data-element_type=\"widget\" data-widget_type=\"divider.default\">\n\t\t\t\t\t\t\t<div class=\"elementor-divider\">\n\t\t\t<span class=\"elementor-divider-separator\">\n\t\t\t\t\t\t<\/span>\n\t\t<\/div>\n\t\t\t\t\t\t<\/div>\n\t\t\t\t<div class=\"elementor-element elementor-element-30c8e19f elementor-nav-menu--dropdown-none elementor-widget elementor-widget-nav-menu\" data-id=\"30c8e19f\" data-element_type=\"widget\" data-settings=\"{&quot;layout&quot;:&quot;vertical&quot;,&quot;submenu_icon&quot;:{&quot;value&quot;:&quot;&lt;svg class=\\&quot;e-font-icon-svg e-fas-caret-down\\&quot; viewBox=\\&quot;0 0 320 512\\&quot; xmlns=\\&quot;http:\\\/\\\/www.w3.org\\\/2000\\\/svg\\&quot;&gt;&lt;path d=\\&quot;M31.3 192h257.3c17.8 0 26.7 21.5 14.1 34.1L174.1 354.8c-7.8 7.8-20.5 7.8-28.3 0L17.2 226.1C4.6 213.5 13.5 192 31.3 192z\\&quot;&gt;&lt;\\\/path&gt;&lt;\\\/svg&gt;&quot;,&quot;library&quot;:&quot;fa-solid&quot;}}\" data-widget_type=\"nav-menu.default\">\n\t\t\t\t\t\t\t\t<nav aria-label=\"Speisekarte\" class=\"elementor-nav-menu--main elementor-nav-menu__container elementor-nav-menu--layout-vertical e--pointer-text e--animation-none\">\r\n\t\t\t\t<ul id=\"menu-1-30c8e19f\" class=\"elementor-nav-menu sm-vertical\"><li class=\"menu-item menu-item-type-post_type menu-item-object-page menu-item-500\"><a href=\"https:\/\/ignislabs.com.au\/de\/testing-services\/\" class=\"elementor-item menu-link\">Testdienstleistungen<\/a><\/li>\n<li class=\"menu-item menu-item-type-post_type menu-item-object-page menu-item-499\"><a href=\"https:\/\/ignislabs.com.au\/de\/fire-resistance\/\" class=\"elementor-item menu-link\">Feuerbest\u00e4ndigkeit<\/a><\/li>\n<li class=\"menu-item menu-item-type-post_type menu-item-object-page menu-item-498\"><a href=\"https:\/\/ignislabs.com.au\/de\/fire-technical-services\/\" class=\"elementor-item menu-link\">Brandschutztechnische Dienste<\/a><\/li>\n<li class=\"menu-item menu-item-type-post_type menu-item-object-page menu-item-497\"><a href=\"https:\/\/ignislabs.com.au\/de\/fire-strategy-development\/\" class=\"elementor-item menu-link\">Entwicklung einer Brandschutzstrategie<\/a><\/li>\n<li class=\"menu-item menu-item-type-post_type menu-item-object-page menu-item-496\"><a href=\"https:\/\/ignislabs.com.au\/de\/product-assessment\/\" class=\"elementor-item menu-link\">Produktbewertung<\/a><\/li>\n<li class=\"menu-item menu-item-type-post_type menu-item-object-page menu-item-495\"><a href=\"https:\/\/ignislabs.com.au\/de\/reaction-to-fire\/\" class=\"elementor-item menu-link\">Brandverhalten<\/a><\/li>\n<li class=\"menu-item menu-item-type-post_type menu-item-object-page menu-item-527\"><a href=\"https:\/\/ignislabs.com.au\/de\/fire-engineering\/\" class=\"elementor-item menu-link\">Brandschutztechnik<\/a><\/li>\n<li class=\"menu-item menu-item-type-post_type menu-item-object-page menu-item-504\"><a href=\"https:\/\/ignislabs.com.au\/de\/analysis-and-assessments\/\" class=\"elementor-item menu-link\">Analysen und Bewertungen<\/a><\/li>\n<li class=\"menu-item menu-item-type-post_type menu-item-object-page menu-item-528\"><a href=\"https:\/\/ignislabs.com.au\/de\/fire-certification\/\" class=\"elementor-item menu-link\">Brandschutzzertifizierung<\/a><\/li>\n<li class=\"menu-item menu-item-type-post_type menu-item-object-page menu-item-529\"><a href=\"https:\/\/ignislabs.com.au\/de\/fire-testing-codes\/\" class=\"elementor-item menu-link\">Brandpr\u00fcfvorschriften<\/a><\/li>\n<\/ul>\t\t\t<\/nav>\r\n\t\t\t\t\t\t<nav class=\"elementor-nav-menu--dropdown elementor-nav-menu__container\" aria-hidden=\"true\">\r\n\t\t\t\t<ul id=\"menu-2-30c8e19f\" class=\"elementor-nav-menu sm-vertical\"><li class=\"menu-item menu-item-type-post_type menu-item-object-page menu-item-500\"><a href=\"https:\/\/ignislabs.com.au\/de\/testing-services\/\" class=\"elementor-item menu-link\" tabindex=\"-1\">Testdienstleistungen<\/a><\/li>\n<li class=\"menu-item menu-item-type-post_type menu-item-object-page menu-item-499\"><a href=\"https:\/\/ignislabs.com.au\/de\/fire-resistance\/\" class=\"elementor-item menu-link\" tabindex=\"-1\">Feuerbest\u00e4ndigkeit<\/a><\/li>\n<li class=\"menu-item menu-item-type-post_type menu-item-object-page menu-item-498\"><a href=\"https:\/\/ignislabs.com.au\/de\/fire-technical-services\/\" class=\"elementor-item menu-link\" tabindex=\"-1\">Brandschutztechnische Dienste<\/a><\/li>\n<li class=\"menu-item menu-item-type-post_type menu-item-object-page menu-item-497\"><a href=\"https:\/\/ignislabs.com.au\/de\/fire-strategy-development\/\" class=\"elementor-item menu-link\" tabindex=\"-1\">Entwicklung einer Brandschutzstrategie<\/a><\/li>\n<li class=\"menu-item menu-item-type-post_type menu-item-object-page menu-item-496\"><a href=\"https:\/\/ignislabs.com.au\/de\/product-assessment\/\" class=\"elementor-item menu-link\" tabindex=\"-1\">Produktbewertung<\/a><\/li>\n<li class=\"menu-item menu-item-type-post_type menu-item-object-page menu-item-495\"><a href=\"https:\/\/ignislabs.com.au\/de\/reaction-to-fire\/\" class=\"elementor-item menu-link\" tabindex=\"-1\">Brandverhalten<\/a><\/li>\n<li class=\"menu-item menu-item-type-post_type menu-item-object-page menu-item-527\"><a href=\"https:\/\/ignislabs.com.au\/de\/fire-engineering\/\" class=\"elementor-item menu-link\" tabindex=\"-1\">Brandschutztechnik<\/a><\/li>\n<li class=\"menu-item menu-item-type-post_type menu-item-object-page menu-item-504\"><a href=\"https:\/\/ignislabs.com.au\/de\/analysis-and-assessments\/\" class=\"elementor-item menu-link\" tabindex=\"-1\">Analysen und Bewertungen<\/a><\/li>\n<li class=\"menu-item menu-item-type-post_type menu-item-object-page menu-item-528\"><a href=\"https:\/\/ignislabs.com.au\/de\/fire-certification\/\" class=\"elementor-item menu-link\" tabindex=\"-1\">Brandschutzzertifizierung<\/a><\/li>\n<li class=\"menu-item menu-item-type-post_type menu-item-object-page menu-item-529\"><a href=\"https:\/\/ignislabs.com.au\/de\/fire-testing-codes\/\" class=\"elementor-item menu-link\" tabindex=\"-1\">Brandpr\u00fcfvorschriften<\/a><\/li>\n<\/ul>\t\t\t<\/nav>\r\n\t\t\t\t\t\t<\/div>\n\t\t\t\t\t<\/div>\n\t\t\t\t<\/div>\n\t\t<div class=\"elementor-element elementor-element-22cf2568 e-flex e-con-boxed e-con e-child\" data-id=\"22cf2568\" data-element_type=\"container\" data-settings=\"{&quot;background_background&quot;:&quot;classic&quot;}\">\n\t\t\t\t\t<div class=\"e-con-inner\">\n\t\t\t\t<div class=\"elementor-element elementor-element-46e23b0c elementor-position-top elementor-widget elementor-widget-image-box\" data-id=\"46e23b0c\" data-element_type=\"widget\" data-widget_type=\"image-box.default\">\n\t\t\t\t\t<div class=\"elementor-image-box-wrapper\"><figure class=\"elementor-image-box-img\"><img decoding=\"async\" width=\"150\" height=\"150\" src=\"https:\/\/ignislabs.com.au\/wp-content\/uploads\/2024\/03\/comment.png\" class=\"attachment-full size-full wp-image-520\" alt=\"\" \/><\/figure><div class=\"elementor-image-box-content\"><h3 class=\"elementor-image-box-title\">Vernetzen wir uns!<\/h3><\/div><\/div>\t\t\t\t<\/div>\n\t\t\t\t<div class=\"elementor-element elementor-element-7a07a97f elementor-widget-divider--view-line elementor-widget elementor-widget-divider\" data-id=\"7a07a97f\" data-element_type=\"widget\" data-widget_type=\"divider.default\">\n\t\t\t\t\t\t\t<div class=\"elementor-divider\">\n\t\t\t<span class=\"elementor-divider-separator\">\n\t\t\t\t\t\t<\/span>\n\t\t<\/div>\n\t\t\t\t\t\t<\/div>\n\t\t\t\t<div class=\"elementor-element elementor-element-50346b07 elementor-align-center elementor-icon-list--layout-traditional elementor-list-item-link-full_width elementor-widget elementor-widget-icon-list\" data-id=\"50346b07\" data-element_type=\"widget\" data-widget_type=\"icon-list.default\">\n\t\t\t\t\t\t\t<ul class=\"elementor-icon-list-items\">\n\t\t\t\t\t\t\t<li class=\"elementor-icon-list-item\">\n\t\t\t\t\t\t\t\t\t\t\t<span class=\"elementor-icon-list-icon\">\n\t\t\t\t\t\t\t<svg aria-hidden=\"true\" class=\"e-font-icon-svg e-fas-phone-alt\" viewbox=\"0 0 512 512\" xmlns=\"http:\/\/www.w3.org\/2000\/svg\"><path d=\"M497.39 361.8l-112-48a24 24 0 0 0-28 6.9l-49.6 60.6A370.66 370.66 0 0 1 130.6 204.11l60.6-49.6a23.94 23.94 0 0 0 6.9-28l-48-112A24.16 24.16 0 0 0 122.6.61l-104 24A24 24 0 0 0 0 48c0 256.5 207.9 464 464 464a24 24 0 0 0 23.4-18.6l24-104a24.29 24.29 0 0 0-14.01-27.6z\"><\/path><\/svg>\t\t\t\t\t\t<\/span>\n\t\t\t\t\t\t\t\t\t\t<span class=\"elementor-icon-list-text\">1800 855 175<\/span>\n\t\t\t\t\t\t\t\t\t<\/li>\n\t\t\t\t\t\t\t\t<li class=\"elementor-icon-list-item\">\n\t\t\t\t\t\t\t\t\t\t\t<span class=\"elementor-icon-list-icon\">\n\t\t\t\t\t\t\t<svg aria-hidden=\"true\" class=\"e-font-icon-svg e-fas-envelope-open\" viewbox=\"0 0 512 512\" xmlns=\"http:\/\/www.w3.org\/2000\/svg\"><path d=\"M512 464c0 26.51-21.49 48-48 48H48c-26.51 0-48-21.49-48-48V200.724a48 48 0 0 1 18.387-37.776c24.913-19.529 45.501-35.365 164.2-121.511C199.412 29.17 232.797-.347 256 .003c23.198-.354 56.596 29.172 73.413 41.433 118.687 86.137 139.303 101.995 164.2 121.512A48 48 0 0 1 512 200.724V464zm-65.666-196.605c-2.563-3.728-7.7-4.595-11.339-1.907-22.845 16.873-55.462 40.705-105.582 77.079-16.825 12.266-50.21 41.781-73.413 41.43-23.211.344-56.559-29.143-73.413-41.43-50.114-36.37-82.734-60.204-105.582-77.079-3.639-2.688-8.776-1.821-11.339 1.907l-9.072 13.196a7.998 7.998 0 0 0 1.839 10.967c22.887 16.899 55.454 40.69 105.303 76.868 20.274 14.781 56.524 47.813 92.264 47.573 35.724.242 71.961-32.771 92.263-47.573 49.85-36.179 82.418-59.97 105.303-76.868a7.998 7.998 0 0 0 1.839-10.967l-9.071-13.196z\"><\/path><\/svg>\t\t\t\t\t\t<\/span>\n\t\t\t\t\t\t\t\t\t\t<span class=\"elementor-icon-list-text\">mail@ignislabs.com.au<\/span>\n\t\t\t\t\t\t\t\t\t<\/li>\n\t\t\t\t\t\t<\/ul>\n\t\t\t\t\t\t<\/div>\n\t\t\t\t\t<\/div>\n\t\t\t\t<\/div>\n\t\t\t\t<\/div>\n\t\t\t\t\t<\/div>\n\t\t\t\t<\/div>\n\t\t\t\t<\/div>","protected":false},"excerpt":{"rendered":"<p>Ignis Labs are uniquely placed to provide material fire testing inline with the requirements of the building codes and reference [&hellip;]<\/p>","protected":false},"author":1,"featured_media":0,"parent":0,"menu_order":0,"comment_status":"closed","ping_status":"closed","template":"elementor_header_footer","meta":{"site-sidebar-layout":"no-sidebar","site-content-layout":"","ast-site-content-layout":"full-width-container","site-content-style":"default","site-sidebar-style":"default","ast-global-header-display":"","ast-banner-title-visibility":"","ast-main-header-display":"","ast-hfb-above-header-display":"","ast-hfb-below-header-display":"","ast-hfb-mobile-header-display":"","site-post-title":"disabled","ast-breadcrumbs-content":"","ast-featured-img":"disabled","footer-sml-layout":"","theme-transparent-header-meta":"default","adv-header-id-meta":"","stick-header-meta":"","header-above-stick-meta":"","header-main-stick-meta":"","header-below-stick-meta":"","astra-migrate-meta-layouts":"set","ast-page-background-enabled":"default","ast-page-background-meta":{"desktop":{"background-color":"var(--ast-global-color-4)","background-image":"","background-repeat":"repeat","background-position":"center center","background-size":"auto","background-attachment":"scroll","background-type":"","background-media":"","overlay-type":"","overlay-color":"","overlay-opacity":"","overlay-gradient":""},"tablet":{"background-color":"","background-image":"","background-repeat":"repeat","background-position":"center center","background-size":"auto","background-attachment":"scroll","background-type":"","background-media":"","overlay-type":"","overlay-color":"","overlay-opacity":"","overlay-gradient":""},"mobile":{"background-color":"","background-image":"","background-repeat":"repeat","background-position":"center center","background-size":"auto","background-attachment":"scroll","background-type":"","background-media":"","overlay-type":"","overlay-color":"","overlay-opacity":"","overlay-gradient":""}},"ast-content-background-meta":{"desktop":{"background-color":"var(--ast-global-color-5)","background-image":"","background-repeat":"repeat","background-position":"center center","background-size":"auto","background-attachment":"scroll","background-type":"","background-media":"","overlay-type":"","overlay-color":"","overlay-opacity":"","overlay-gradient":""},"tablet":{"background-color":"var(--ast-global-color-5)","background-image":"","background-repeat":"repeat","background-position":"center center","background-size":"auto","background-attachment":"scroll","background-type":"","background-media":"","overlay-type":"","overlay-color":"","overlay-opacity":"","overlay-gradient":""},"mobile":{"background-color":"var(--ast-global-color-5)","background-image":"","background-repeat":"repeat","background-position":"center center","background-size":"auto","background-attachment":"scroll","background-type":"","background-media":"","overlay-type":"","overlay-color":"","overlay-opacity":"","overlay-gradient":""}},"footnotes":""},"categories":[],"class_list":["post-1402","page","type-page","status-publish","hentry"],"_links":{"self":[{"href":"https:\/\/ignislabs.com.au\/de\/wp-json\/wp\/v2\/pages\/1402","targetHints":{"allow":["GET"]}}],"collection":[{"href":"https:\/\/ignislabs.com.au\/de\/wp-json\/wp\/v2\/pages"}],"about":[{"href":"https:\/\/ignislabs.com.au\/de\/wp-json\/wp\/v2\/types\/page"}],"author":[{"embeddable":true,"href":"https:\/\/ignislabs.com.au\/de\/wp-json\/wp\/v2\/users\/1"}],"replies":[{"embeddable":true,"href":"https:\/\/ignislabs.com.au\/de\/wp-json\/wp\/v2\/comments?post=1402"}],"version-history":[{"count":10,"href":"https:\/\/ignislabs.com.au\/de\/wp-json\/wp\/v2\/pages\/1402\/revisions"}],"predecessor-version":[{"id":1778,"href":"https:\/\/ignislabs.com.au\/de\/wp-json\/wp\/v2\/pages\/1402\/revisions\/1778"}],"wp:attachment":[{"href":"https:\/\/ignislabs.com.au\/de\/wp-json\/wp\/v2\/media?parent=1402"}],"wp:term":[{"taxonomy":"category","embeddable":true,"href":"https:\/\/ignislabs.com.au\/de\/wp-json\/wp\/v2\/categories?post=1402"}],"curies":[{"name":"wp","href":"https:\/\/api.w.org\/{rel}","templated":true}]}}