{"id":411,"date":"2024-03-06T01:17:52","date_gmt":"2024-03-06T01:17:52","guid":{"rendered":"https:\/\/ignislabs.netblots.com.au\/?page_id=411"},"modified":"2025-10-17T03:14:26","modified_gmt":"2025-10-17T03:14:26","slug":"reaction-to-fire","status":"publish","type":"page","link":"https:\/\/ignislabs.com.au\/de\/reaction-to-fire\/","title":{"rendered":"Brandverhalten"},"content":{"rendered":"<div data-elementor-type=\"wp-page\" data-elementor-id=\"411\" class=\"elementor elementor-411\" data-elementor-post-type=\"page\">\n\t\t\t\t<div class=\"elementor-element elementor-element-5d9cd2d0 e-flex e-con-boxed e-con e-parent\" data-id=\"5d9cd2d0\" data-element_type=\"container\" data-settings=\"{&quot;background_background&quot;:&quot;gradient&quot;}\">\n\t\t\t\t\t<div class=\"e-con-inner\">\n\t\t<div class=\"elementor-element elementor-element-1a83359a e-con-full e-flex e-con e-child\" data-id=\"1a83359a\" data-element_type=\"container\">\n\t\t\t\t<div class=\"elementor-element elementor-element-4cb7ebc5 elementor-widget elementor-widget-text-editor\" data-id=\"4cb7ebc5\" data-element_type=\"widget\" data-widget_type=\"text-editor.default\">\n\t\t\t\t\t\t\t\t\tIgnis Labs ist in der einzigartigen Lage, Materialbrandpr\u00fcfungen gem\u00e4\u00df den Anforderungen der Bauvorschriften und Referenznormen durchzuf\u00fchren.\t\t\t\t\t\t\t\t<\/div>\n\t\t\t\t<\/div>\n\t\t<div class=\"elementor-element elementor-element-13a5c98d e-con-full e-flex e-con e-child\" data-id=\"13a5c98d\" data-element_type=\"container\" data-settings=\"{&quot;background_background&quot;:&quot;classic&quot;}\">\n\t\t\t\t<div class=\"elementor-element elementor-element-16255c6a elementor-widget elementor-widget-image\" data-id=\"16255c6a\" data-element_type=\"widget\" data-widget_type=\"image.default\">\n\t\t\t\t\t\t\t\t\t\t\t\t\t\t\t<img fetchpriority=\"high\" decoding=\"async\" width=\"600\" height=\"625\" src=\"https:\/\/ignislabs.com.au\/wp-content\/uploads\/2024\/02\/slide2.png\" class=\"attachment-full size-full wp-image-111\" alt=\"\" srcset=\"https:\/\/ignislabs.com.au\/wp-content\/uploads\/2024\/02\/slide2.png 600w, https:\/\/ignislabs.com.au\/wp-content\/uploads\/2024\/02\/slide2-288x300.png 288w\" sizes=\"(max-width: 600px) 100vw, 600px\" \/>\t\t\t\t\t\t\t\t\t\t\t\t\t\t\t<\/div>\n\t\t\t\t<\/div>\n\t\t\t\t\t<\/div>\n\t\t\t\t<\/div>\n\t\t<div class=\"elementor-element elementor-element-1aae256c e-flex e-con-boxed e-con e-parent\" data-id=\"1aae256c\" data-element_type=\"container\">\n\t\t\t\t\t<div class=\"e-con-inner\">\n\t\t<div class=\"elementor-element elementor-element-66821496 e-con-full e-flex e-con e-child\" data-id=\"66821496\" data-element_type=\"container\">\n\t\t\t\t<div class=\"elementor-element elementor-element-7a655a84 elementor-widget elementor-widget-image\" data-id=\"7a655a84\" data-element_type=\"widget\" data-widget_type=\"image.default\">\n\t\t\t\t\t\t\t\t\t\t\t\t\t\t\t<img decoding=\"async\" width=\"1200\" height=\"900\" src=\"https:\/\/ignislabs.com.au\/wp-content\/uploads\/2024\/09\/Reaction-to-Fire.jpg\" class=\"attachment-full size-full wp-image-1090\" alt=\"\" srcset=\"https:\/\/ignislabs.com.au\/wp-content\/uploads\/2024\/09\/Reaction-to-Fire.jpg 1200w, https:\/\/ignislabs.com.au\/wp-content\/uploads\/2024\/09\/Reaction-to-Fire-300x225.jpg 300w, https:\/\/ignislabs.com.au\/wp-content\/uploads\/2024\/09\/Reaction-to-Fire-1024x768.jpg 1024w, https:\/\/ignislabs.com.au\/wp-content\/uploads\/2024\/09\/Reaction-to-Fire-768x576.jpg 768w\" sizes=\"(max-width: 1200px) 100vw, 1200px\" \/>\t\t\t\t\t\t\t\t\t\t\t\t\t\t\t<\/div>\n\t\t\t\t<div class=\"elementor-element elementor-element-276da48c elementor-widget elementor-widget-text-editor\" data-id=\"276da48c\" data-element_type=\"widget\" data-widget_type=\"text-editor.default\">\n\t\t\t\t\t\t\t\t\t<p><span style=\"font-weight: 300;\">Bei Ignis Labs sind wir uns der Bedeutung von Brandverhaltenspr\u00fcfungen f\u00fcr die Bewertung der Produktsicherheit und -konformit\u00e4t bewusst. Brandverhaltenspr\u00fcfungen dienen als wichtiges Bewertungsinstrument und geben Aufschluss \u00fcber das Verhalten von Materialien und Produkten bei Feuereinwirkung. Dabei werden entscheidende Faktoren wie Flammenausbreitung, Rauchentwicklung und die Toxizit\u00e4t der austretenden Gase ber\u00fccksichtigt. Unsere Dienstleistungen zur Pr\u00fcfung von Brandverhaltenspr\u00fcfungen sind sorgf\u00e4ltig konzipiert, um umfassende Bewertungen zu bieten, die h\u00f6chsten Qualit\u00e4ts- und Zuverl\u00e4ssigkeitsstandards entsprechen. Durch strenge Pr\u00fcfprotokolle und die strikte Einhaltung einschl\u00e4giger australischer und internationaler Normen stellen wir sicher, dass unsere Kunden pr\u00e4zise und umsetzbare Einblicke in das Brandverhalten ihrer Produkte erhalten.<\/span><\/p><p><strong>Warum ist eine Pr\u00fcfung des Brandverhaltens wichtig?<\/strong><\/p><ul><li style=\"font-weight: 300;\" aria-level=\"1\"><span style=\"font-weight: 300;\">Sicherheitsgarantie: Die Pr\u00fcfung des Brandverhaltens ist ein entscheidender Ma\u00dfstab f\u00fcr die Bewertung der Sicherheit von Materialien und Produkten und stellt sicher, dass diese strenge Sicherheitsnormen und -vorschriften erf\u00fcllen.<\/span><\/li><li style=\"font-weight: 300;\" aria-level=\"1\"><span style=\"font-weight: 300;\">Konformit\u00e4tspr\u00fcfung: Durch Brandverhaltenspr\u00fcfungen k\u00f6nnen Hersteller die Einhaltung gesetzlicher Anforderungen pr\u00fcfen und so die mit der Nichteinhaltung verbundenen Risiken und Haftungen mindern.<\/span><\/li><li style=\"font-weight: 300;\" aria-level=\"1\"><span style=\"font-weight: 300;\">Risikominderung: Durch das Verst\u00e4ndnis des Brandverhaltens von Materialien k\u00f6nnen die Beteiligten potenzielle Brandgefahren fr\u00fchzeitig erkennen und so fundierte Entscheidungen treffen und Strategien zur Risikominderung entwickeln.<\/span><\/li><\/ul><p><span style=\"font-weight: 300;\">Wenn unsere Kunden Ignis Labs f\u00fcr Brandverhaltenspr\u00fcfungen w\u00e4hlen, k\u00f6nnen sie sich auf die Sicherheit und Konformit\u00e4t ihrer Produkte verlassen. Unsere akkreditierten Einrichtungen, unser erfahrenes Team und unser unerm\u00fcdliches Engagement f\u00fcr Spitzenleistung machen uns zum bevorzugten Partner f\u00fcr Brandverhaltenspr\u00fcfungen.<\/span><\/p><p><span style=\"font-weight: 300;\">Ob Sie als Hersteller eine Zertifizierung zur Einhaltung gesetzlicher Vorschriften anstreben oder als Planer die Brandsicherheit von Baumaterialien verbessern m\u00f6chten \u2013 Ignis Labs unterst\u00fctzt Sie in jeder Phase. Kontaktieren Sie uns noch heute und entdecken Sie unsere umfassenden Brandverhaltenspr\u00fcfungen. Wir helfen Ihnen, die Sicherheit und Leistung Ihrer Produkte zu verbessern.<\/span><\/p>\t\t\t\t\t\t\t\t<\/div>\n\t\t\t\t<\/div>\n\t\t<div class=\"elementor-element elementor-element-3e118538 e-con-full e-flex e-con e-child\" data-id=\"3e118538\" data-element_type=\"container\">\n\t\t<div class=\"elementor-element elementor-element-2a4dd6b8 e-flex e-con-boxed e-con e-child\" data-id=\"2a4dd6b8\" data-element_type=\"container\" data-settings=\"{&quot;background_background&quot;:&quot;classic&quot;}\">\n\t\t\t\t\t<div class=\"e-con-inner\">\n\t\t\t\t<div class=\"elementor-element elementor-element-1d8c4042 elementor-widget elementor-widget-heading\" data-id=\"1d8c4042\" data-element_type=\"widget\" data-widget_type=\"heading.default\">\n\t\t\t\t\t<h4 class=\"elementor-heading-title elementor-size-default\">Unsere Dienste<\/h4>\t\t\t\t<\/div>\n\t\t\t\t<div class=\"elementor-element elementor-element-41fd0066 elementor-widget-divider--view-line elementor-widget elementor-widget-divider\" data-id=\"41fd0066\" data-element_type=\"widget\" data-widget_type=\"divider.default\">\n\t\t\t\t\t\t\t<div class=\"elementor-divider\">\n\t\t\t<span class=\"elementor-divider-separator\">\n\t\t\t\t\t\t<\/span>\n\t\t<\/div>\n\t\t\t\t\t\t<\/div>\n\t\t\t\t<div class=\"elementor-element elementor-element-2dbb9097 elementor-nav-menu--dropdown-none elementor-widget elementor-widget-nav-menu\" data-id=\"2dbb9097\" data-element_type=\"widget\" data-settings=\"{&quot;layout&quot;:&quot;vertical&quot;,&quot;submenu_icon&quot;:{&quot;value&quot;:&quot;&lt;svg class=\\&quot;e-font-icon-svg e-fas-caret-down\\&quot; viewBox=\\&quot;0 0 320 512\\&quot; xmlns=\\&quot;http:\\\/\\\/www.w3.org\\\/2000\\\/svg\\&quot;&gt;&lt;path d=\\&quot;M31.3 192h257.3c17.8 0 26.7 21.5 14.1 34.1L174.1 354.8c-7.8 7.8-20.5 7.8-28.3 0L17.2 226.1C4.6 213.5 13.5 192 31.3 192z\\&quot;&gt;&lt;\\\/path&gt;&lt;\\\/svg&gt;&quot;,&quot;library&quot;:&quot;fa-solid&quot;}}\" data-widget_type=\"nav-menu.default\">\n\t\t\t\t\t\t\t\t<nav aria-label=\"Speisekarte\" class=\"elementor-nav-menu--main elementor-nav-menu__container elementor-nav-menu--layout-vertical e--pointer-text e--animation-none\">\r\n\t\t\t\t<ul id=\"menu-1-2dbb9097\" class=\"elementor-nav-menu sm-vertical\"><li class=\"menu-item menu-item-type-post_type menu-item-object-page menu-item-500\"><a href=\"https:\/\/ignislabs.com.au\/de\/testing-services\/\" class=\"elementor-item menu-link\">Testdienstleistungen<\/a><\/li>\n<li class=\"menu-item menu-item-type-post_type menu-item-object-page menu-item-499\"><a href=\"https:\/\/ignislabs.com.au\/de\/fire-resistance\/\" class=\"elementor-item menu-link\">Feuerbest\u00e4ndigkeit<\/a><\/li>\n<li class=\"menu-item menu-item-type-post_type menu-item-object-page menu-item-498\"><a href=\"https:\/\/ignislabs.com.au\/de\/fire-technical-services\/\" class=\"elementor-item menu-link\">Brandschutztechnische Dienste<\/a><\/li>\n<li class=\"menu-item menu-item-type-post_type menu-item-object-page menu-item-497\"><a href=\"https:\/\/ignislabs.com.au\/de\/fire-strategy-development\/\" class=\"elementor-item menu-link\">Entwicklung einer Brandschutzstrategie<\/a><\/li>\n<li class=\"menu-item menu-item-type-post_type menu-item-object-page menu-item-496\"><a href=\"https:\/\/ignislabs.com.au\/de\/product-assessment\/\" class=\"elementor-item menu-link\">Produktbewertung<\/a><\/li>\n<li class=\"menu-item menu-item-type-post_type menu-item-object-page menu-item-495\"><a href=\"https:\/\/ignislabs.com.au\/de\/reaction-to-fire\/\" class=\"elementor-item menu-link\">Brandverhalten<\/a><\/li>\n<li class=\"menu-item menu-item-type-post_type menu-item-object-page menu-item-527\"><a href=\"https:\/\/ignislabs.com.au\/de\/fire-engineering\/\" class=\"elementor-item menu-link\">Brandschutztechnik<\/a><\/li>\n<li class=\"menu-item menu-item-type-post_type menu-item-object-page menu-item-504\"><a href=\"https:\/\/ignislabs.com.au\/de\/analysis-and-assessments\/\" class=\"elementor-item menu-link\">Analysen und Bewertungen<\/a><\/li>\n<li class=\"menu-item menu-item-type-post_type menu-item-object-page menu-item-528\"><a href=\"https:\/\/ignislabs.com.au\/de\/fire-certification\/\" class=\"elementor-item menu-link\">Brandschutzzertifizierung<\/a><\/li>\n<li class=\"menu-item menu-item-type-post_type menu-item-object-page menu-item-529\"><a href=\"https:\/\/ignislabs.com.au\/de\/fire-testing-codes\/\" class=\"elementor-item menu-link\">Brandpr\u00fcfvorschriften<\/a><\/li>\n<\/ul>\t\t\t<\/nav>\r\n\t\t\t\t\t\t<nav class=\"elementor-nav-menu--dropdown elementor-nav-menu__container\" aria-hidden=\"true\">\r\n\t\t\t\t<ul id=\"menu-2-2dbb9097\" class=\"elementor-nav-menu sm-vertical\"><li class=\"menu-item menu-item-type-post_type menu-item-object-page menu-item-500\"><a href=\"https:\/\/ignislabs.com.au\/de\/testing-services\/\" class=\"elementor-item menu-link\" tabindex=\"-1\">Testdienstleistungen<\/a><\/li>\n<li class=\"menu-item menu-item-type-post_type menu-item-object-page menu-item-499\"><a href=\"https:\/\/ignislabs.com.au\/de\/fire-resistance\/\" class=\"elementor-item menu-link\" tabindex=\"-1\">Feuerbest\u00e4ndigkeit<\/a><\/li>\n<li class=\"menu-item menu-item-type-post_type menu-item-object-page menu-item-498\"><a href=\"https:\/\/ignislabs.com.au\/de\/fire-technical-services\/\" class=\"elementor-item menu-link\" tabindex=\"-1\">Brandschutztechnische Dienste<\/a><\/li>\n<li class=\"menu-item menu-item-type-post_type menu-item-object-page menu-item-497\"><a href=\"https:\/\/ignislabs.com.au\/de\/fire-strategy-development\/\" class=\"elementor-item menu-link\" tabindex=\"-1\">Entwicklung einer Brandschutzstrategie<\/a><\/li>\n<li class=\"menu-item menu-item-type-post_type menu-item-object-page menu-item-496\"><a href=\"https:\/\/ignislabs.com.au\/de\/product-assessment\/\" class=\"elementor-item menu-link\" tabindex=\"-1\">Produktbewertung<\/a><\/li>\n<li class=\"menu-item menu-item-type-post_type menu-item-object-page menu-item-495\"><a href=\"https:\/\/ignislabs.com.au\/de\/reaction-to-fire\/\" class=\"elementor-item menu-link\" tabindex=\"-1\">Brandverhalten<\/a><\/li>\n<li class=\"menu-item menu-item-type-post_type menu-item-object-page menu-item-527\"><a href=\"https:\/\/ignislabs.com.au\/de\/fire-engineering\/\" class=\"elementor-item menu-link\" tabindex=\"-1\">Brandschutztechnik<\/a><\/li>\n<li class=\"menu-item menu-item-type-post_type menu-item-object-page menu-item-504\"><a href=\"https:\/\/ignislabs.com.au\/de\/analysis-and-assessments\/\" class=\"elementor-item menu-link\" tabindex=\"-1\">Analysen und Bewertungen<\/a><\/li>\n<li class=\"menu-item menu-item-type-post_type menu-item-object-page menu-item-528\"><a href=\"https:\/\/ignislabs.com.au\/de\/fire-certification\/\" class=\"elementor-item menu-link\" tabindex=\"-1\">Brandschutzzertifizierung<\/a><\/li>\n<li class=\"menu-item menu-item-type-post_type menu-item-object-page menu-item-529\"><a href=\"https:\/\/ignislabs.com.au\/de\/fire-testing-codes\/\" class=\"elementor-item menu-link\" tabindex=\"-1\">Brandpr\u00fcfvorschriften<\/a><\/li>\n<\/ul>\t\t\t<\/nav>\r\n\t\t\t\t\t\t<\/div>\n\t\t\t\t\t<\/div>\n\t\t\t\t<\/div>\n\t\t<div class=\"elementor-element elementor-element-6e9d67ff e-flex e-con-boxed e-con e-child\" data-id=\"6e9d67ff\" data-element_type=\"container\" data-settings=\"{&quot;background_background&quot;:&quot;classic&quot;}\">\n\t\t\t\t\t<div class=\"e-con-inner\">\n\t\t\t\t<div class=\"elementor-element elementor-element-11bacdc elementor-position-top elementor-widget elementor-widget-image-box\" data-id=\"11bacdc\" data-element_type=\"widget\" data-widget_type=\"image-box.default\">\n\t\t\t\t\t<div class=\"elementor-image-box-wrapper\"><figure class=\"elementor-image-box-img\"><img decoding=\"async\" width=\"150\" height=\"150\" src=\"https:\/\/ignislabs.com.au\/wp-content\/uploads\/2024\/03\/comment.png\" class=\"attachment-full size-full wp-image-520\" alt=\"\" \/><\/figure><div class=\"elementor-image-box-content\"><h3 class=\"elementor-image-box-title\">Vernetzen wir uns!<\/h3><\/div><\/div>\t\t\t\t<\/div>\n\t\t\t\t<div class=\"elementor-element elementor-element-94aac71 elementor-widget-divider--view-line elementor-widget elementor-widget-divider\" data-id=\"94aac71\" data-element_type=\"widget\" data-widget_type=\"divider.default\">\n\t\t\t\t\t\t\t<div class=\"elementor-divider\">\n\t\t\t<span class=\"elementor-divider-separator\">\n\t\t\t\t\t\t<\/span>\n\t\t<\/div>\n\t\t\t\t\t\t<\/div>\n\t\t\t\t<div class=\"elementor-element elementor-element-d1e30c1 elementor-align-center elementor-icon-list--layout-traditional elementor-list-item-link-full_width elementor-widget elementor-widget-icon-list\" data-id=\"d1e30c1\" data-element_type=\"widget\" data-widget_type=\"icon-list.default\">\n\t\t\t\t\t\t\t<ul class=\"elementor-icon-list-items\">\n\t\t\t\t\t\t\t<li class=\"elementor-icon-list-item\">\n\t\t\t\t\t\t\t\t\t\t\t<a href=\"tel:1800855175\">\n\n\t\t\t\t\t\t\t\t\t\t\t\t<span class=\"elementor-icon-list-icon\">\n\t\t\t\t\t\t\t<svg aria-hidden=\"true\" class=\"e-font-icon-svg e-fas-phone-alt\" viewbox=\"0 0 512 512\" xmlns=\"http:\/\/www.w3.org\/2000\/svg\"><path d=\"M497.39 361.8l-112-48a24 24 0 0 0-28 6.9l-49.6 60.6A370.66 370.66 0 0 1 130.6 204.11l60.6-49.6a23.94 23.94 0 0 0 6.9-28l-48-112A24.16 24.16 0 0 0 122.6.61l-104 24A24 24 0 0 0 0 48c0 256.5 207.9 464 464 464a24 24 0 0 0 23.4-18.6l24-104a24.29 24.29 0 0 0-14.01-27.6z\"><\/path><\/svg>\t\t\t\t\t\t<\/span>\n\t\t\t\t\t\t\t\t\t\t<span class=\"elementor-icon-list-text\">1800 855 175<\/span>\n\t\t\t\t\t\t\t\t\t\t\t<\/a>\n\t\t\t\t\t\t\t\t\t<\/li>\n\t\t\t\t\t\t\t\t<li class=\"elementor-icon-list-item\">\n\t\t\t\t\t\t\t\t\t\t\t<span class=\"elementor-icon-list-icon\">\n\t\t\t\t\t\t\t<svg aria-hidden=\"true\" class=\"e-font-icon-svg e-fas-envelope-open\" viewbox=\"0 0 512 512\" xmlns=\"http:\/\/www.w3.org\/2000\/svg\"><path d=\"M512 464c0 26.51-21.49 48-48 48H48c-26.51 0-48-21.49-48-48V200.724a48 48 0 0 1 18.387-37.776c24.913-19.529 45.501-35.365 164.2-121.511C199.412 29.17 232.797-.347 256 .003c23.198-.354 56.596 29.172 73.413 41.433 118.687 86.137 139.303 101.995 164.2 121.512A48 48 0 0 1 512 200.724V464zm-65.666-196.605c-2.563-3.728-7.7-4.595-11.339-1.907-22.845 16.873-55.462 40.705-105.582 77.079-16.825 12.266-50.21 41.781-73.413 41.43-23.211.344-56.559-29.143-73.413-41.43-50.114-36.37-82.734-60.204-105.582-77.079-3.639-2.688-8.776-1.821-11.339 1.907l-9.072 13.196a7.998 7.998 0 0 0 1.839 10.967c22.887 16.899 55.454 40.69 105.303 76.868 20.274 14.781 56.524 47.813 92.264 47.573 35.724.242 71.961-32.771 92.263-47.573 49.85-36.179 82.418-59.97 105.303-76.868a7.998 7.998 0 0 0 1.839-10.967l-9.071-13.196z\"><\/path><\/svg>\t\t\t\t\t\t<\/span>\n\t\t\t\t\t\t\t\t\t\t<span class=\"elementor-icon-list-text\">mail@ignislabs.com.au<\/span>\n\t\t\t\t\t\t\t\t\t<\/li>\n\t\t\t\t\t\t<\/ul>\n\t\t\t\t\t\t<\/div>\n\t\t\t\t\t<\/div>\n\t\t\t\t<\/div>\n\t\t\t\t<\/div>\n\t\t\t\t\t<\/div>\n\t\t\t\t<\/div>\n\t\t\t\t<\/div>","protected":false},"excerpt":{"rendered":"<p>Ignis Labs are uniquely placed to provide material fire testing inline with the requirements of the building codes and reference [&hellip;]<\/p>","protected":false},"author":1,"featured_media":0,"parent":0,"menu_order":0,"comment_status":"closed","ping_status":"closed","template":"elementor_header_footer","meta":{"site-sidebar-layout":"no-sidebar","site-content-layout":"","ast-site-content-layout":"full-width-container","site-content-style":"default","site-sidebar-style":"default","ast-global-header-display":"","ast-banner-title-visibility":"","ast-main-header-display":"","ast-hfb-above-header-display":"","ast-hfb-below-header-display":"","ast-hfb-mobile-header-display":"","site-post-title":"disabled","ast-breadcrumbs-content":"","ast-featured-img":"disabled","footer-sml-layout":"","theme-transparent-header-meta":"default","adv-header-id-meta":"","stick-header-meta":"","header-above-stick-meta":"","header-main-stick-meta":"","header-below-stick-meta":"","astra-migrate-meta-layouts":"set","ast-page-background-enabled":"default","ast-page-background-meta":{"desktop":{"background-color":"var(--ast-global-color-4)","background-image":"","background-repeat":"repeat","background-position":"center center","background-size":"auto","background-attachment":"scroll","background-type":"","background-media":"","overlay-type":"","overlay-color":"","overlay-opacity":"","overlay-gradient":""},"tablet":{"background-color":"","background-image":"","background-repeat":"repeat","background-position":"center center","background-size":"auto","background-attachment":"scroll","background-type":"","background-media":"","overlay-type":"","overlay-color":"","overlay-opacity":"","overlay-gradient":""},"mobile":{"background-color":"","background-image":"","background-repeat":"repeat","background-position":"center center","background-size":"auto","background-attachment":"scroll","background-type":"","background-media":"","overlay-type":"","overlay-color":"","overlay-opacity":"","overlay-gradient":""}},"ast-content-background-meta":{"desktop":{"background-color":"var(--ast-global-color-5)","background-image":"","background-repeat":"repeat","background-position":"center center","background-size":"auto","background-attachment":"scroll","background-type":"","background-media":"","overlay-type":"","overlay-color":"","overlay-opacity":"","overlay-gradient":""},"tablet":{"background-color":"var(--ast-global-color-5)","background-image":"","background-repeat":"repeat","background-position":"center center","background-size":"auto","background-attachment":"scroll","background-type":"","background-media":"","overlay-type":"","overlay-color":"","overlay-opacity":"","overlay-gradient":""},"mobile":{"background-color":"var(--ast-global-color-5)","background-image":"","background-repeat":"repeat","background-position":"center center","background-size":"auto","background-attachment":"scroll","background-type":"","background-media":"","overlay-type":"","overlay-color":"","overlay-opacity":"","overlay-gradient":""}},"footnotes":""},"categories":[],"class_list":["post-411","page","type-page","status-publish","hentry"],"_links":{"self":[{"href":"https:\/\/ignislabs.com.au\/de\/wp-json\/wp\/v2\/pages\/411","targetHints":{"allow":["GET"]}}],"collection":[{"href":"https:\/\/ignislabs.com.au\/de\/wp-json\/wp\/v2\/pages"}],"about":[{"href":"https:\/\/ignislabs.com.au\/de\/wp-json\/wp\/v2\/types\/page"}],"author":[{"embeddable":true,"href":"https:\/\/ignislabs.com.au\/de\/wp-json\/wp\/v2\/users\/1"}],"replies":[{"embeddable":true,"href":"https:\/\/ignislabs.com.au\/de\/wp-json\/wp\/v2\/comments?post=411"}],"version-history":[{"count":16,"href":"https:\/\/ignislabs.com.au\/de\/wp-json\/wp\/v2\/pages\/411\/revisions"}],"predecessor-version":[{"id":1799,"href":"https:\/\/ignislabs.com.au\/de\/wp-json\/wp\/v2\/pages\/411\/revisions\/1799"}],"wp:attachment":[{"href":"https:\/\/ignislabs.com.au\/de\/wp-json\/wp\/v2\/media?parent=411"}],"wp:term":[{"taxonomy":"category","embeddable":true,"href":"https:\/\/ignislabs.com.au\/de\/wp-json\/wp\/v2\/categories?post=411"}],"curies":[{"name":"wp","href":"https:\/\/api.w.org\/{rel}","templated":true}]}}