{"id":1271,"date":"2024-10-30T03:59:39","date_gmt":"2024-10-30T03:59:39","guid":{"rendered":"https:\/\/ignislabs.netblots.com.au\/?page_id=1271"},"modified":"2025-10-17T03:19:15","modified_gmt":"2025-10-17T03:19:15","slug":"producer-statement","status":"publish","type":"page","link":"https:\/\/ignislabs.com.au\/es\/producer-statement\/","title":{"rendered":"Declaraci\u00f3n del productor"},"content":{"rendered":"<div data-elementor-type=\"wp-page\" data-elementor-id=\"1271\" class=\"elementor elementor-1271\" data-elementor-post-type=\"page\">\n\t\t\t\t<div class=\"elementor-element elementor-element-8f51b4c e-flex e-con-boxed e-con e-parent\" data-id=\"8f51b4c\" data-element_type=\"container\" data-settings=\"{&quot;background_background&quot;:&quot;gradient&quot;}\">\n\t\t\t\t\t<div class=\"e-con-inner\">\n\t\t<div class=\"elementor-element elementor-element-28ef1058 e-con-full e-flex e-con e-child\" data-id=\"28ef1058\" data-element_type=\"container\">\n\t\t\t\t<div class=\"elementor-element elementor-element-4143d0cc elementor-widget elementor-widget-text-editor\" data-id=\"4143d0cc\" data-element_type=\"widget\" data-widget_type=\"text-editor.default\">\n\t\t\t\t\t\t\t\t\tIgnis Labs est\u00e1 en una posici\u00f3n \u00fanica para proporcionar pruebas de incendio de materiales de acuerdo con los requisitos de los c\u00f3digos de construcci\u00f3n y est\u00e1ndares de referencia.\t\t\t\t\t\t\t\t<\/div>\n\t\t\t\t<\/div>\n\t\t<div class=\"elementor-element elementor-element-33b4902a e-con-full e-flex e-con e-child\" data-id=\"33b4902a\" data-element_type=\"container\" data-settings=\"{&quot;background_background&quot;:&quot;classic&quot;}\">\n\t\t\t\t<div class=\"elementor-element elementor-element-42c988aa elementor-widget elementor-widget-image\" data-id=\"42c988aa\" data-element_type=\"widget\" data-widget_type=\"image.default\">\n\t\t\t\t\t\t\t\t\t\t\t\t\t\t\t<img fetchpriority=\"high\" decoding=\"async\" width=\"600\" height=\"625\" src=\"https:\/\/ignislabs.com.au\/wp-content\/uploads\/2024\/02\/slide2.png\" class=\"attachment-full size-full wp-image-111\" alt=\"\" srcset=\"https:\/\/ignislabs.com.au\/wp-content\/uploads\/2024\/02\/slide2.png 600w, https:\/\/ignislabs.com.au\/wp-content\/uploads\/2024\/02\/slide2-288x300.png 288w\" sizes=\"(max-width: 600px) 100vw, 600px\" \/>\t\t\t\t\t\t\t\t\t\t\t\t\t\t\t<\/div>\n\t\t\t\t<\/div>\n\t\t\t\t\t<\/div>\n\t\t\t\t<\/div>\n\t\t<div class=\"elementor-element elementor-element-38d606d8 e-flex e-con-boxed e-con e-parent\" data-id=\"38d606d8\" data-element_type=\"container\">\n\t\t\t\t\t<div class=\"e-con-inner\">\n\t\t<div class=\"elementor-element elementor-element-4441dfe8 e-con-full e-flex e-con e-child\" data-id=\"4441dfe8\" data-element_type=\"container\">\n\t\t\t\t<div class=\"elementor-element elementor-element-f69de89 elementor-widget elementor-widget-text-editor\" data-id=\"f69de89\" data-element_type=\"widget\" data-widget_type=\"text-editor.default\">\n\t\t\t\t\t\t\t\t\t<ul><li>La evidencia de idoneidad del C\u00f3digo Nacional de Construcci\u00f3n identifica documentos como la declaraci\u00f3n t\u00e9cnica del producto como prueba de que un material cumple con un requisito de rendimiento o una disposici\u00f3n considerada satisfactoria. La declaraci\u00f3n t\u00e9cnica del producto demuestra que un material cumple con los requisitos espec\u00edficos del C\u00f3digo Nacional de Construcci\u00f3n (BCA) y establece la base sobre la que se otorga y en qu\u00e9 medida se han utilizado las normas, especificaciones, reglas, c\u00f3digos de pr\u00e1ctica u otras publicaciones pertinentes para demostrar que cumple con los requisitos espec\u00edficos del c\u00f3digo de construcci\u00f3n.<\/li><li>Ignis Labs cuenta con t\u00e9cnicos de laboratorio cualificados e ingenieros de incendios profesionales para brindar soporte y generar declaraciones t\u00e9cnicas de productos para nuestros clientes. Estas pueden generarse para clientes y cumplimiento normativo en Australia, Emiratos \u00c1rabes Unidos y Norteam\u00e9rica.<\/li><li>Una declaraci\u00f3n t\u00e9cnica de producto de seguridad contra incendios es un documento detallado que describe las propiedades de resistencia al fuego y las caracter\u00edsticas de rendimiento de un material o producto de construcci\u00f3n espec\u00edfico. Esta declaraci\u00f3n es crucial para garantizar que el material cumpla con las normas y regulaciones de seguridad contra incendios, dise\u00f1adas para proteger edificios y ocupantes de los peligros del fuego. El documento suele incluir datos sobre la clasificaci\u00f3n de resistencia al fuego del material, la producci\u00f3n de humo, la propagaci\u00f3n de la llama y cualquier resultado relevante de pruebas de laboratorio. Tambi\u00e9n puede describir las aplicaciones y limitaciones apropiadas del material en diversos conjuntos resistentes al fuego. Al proporcionar informaci\u00f3n clara y precisa, una declaraci\u00f3n t\u00e9cnica de producto de seguridad contra incendios ayuda a arquitectos, ingenieros y constructores a tomar decisiones informadas sobre la selecci\u00f3n de materiales y garantiza que las consideraciones de seguridad contra incendios se integren plenamente en el proceso de construcci\u00f3n. Esta documentaci\u00f3n es esencial para el cumplimiento de los c\u00f3digos de construcci\u00f3n y para lograr el nivel deseado de protecci\u00f3n contra incendios en cualquier proyecto de construcci\u00f3n.<\/li><li>Comun\u00edquese con Ignis Labs para obtener asistencia en la generaci\u00f3n de la declaraci\u00f3n t\u00e9cnica de su producto.<\/li><\/ul>\t\t\t\t\t\t\t\t<\/div>\n\t\t\t\t<\/div>\n\t\t<div class=\"elementor-element elementor-element-5ca8630a e-con-full e-flex e-con e-child\" data-id=\"5ca8630a\" data-element_type=\"container\">\n\t\t<div class=\"elementor-element elementor-element-67bdf244 e-flex e-con-boxed e-con e-child\" data-id=\"67bdf244\" data-element_type=\"container\" data-settings=\"{&quot;background_background&quot;:&quot;classic&quot;}\">\n\t\t\t\t\t<div class=\"e-con-inner\">\n\t\t\t\t<div class=\"elementor-element elementor-element-14380c4c elementor-widget elementor-widget-heading\" data-id=\"14380c4c\" data-element_type=\"widget\" data-widget_type=\"heading.default\">\n\t\t\t\t\t<h4 class=\"elementor-heading-title elementor-size-default\">Nuestros servicios<\/h4>\t\t\t\t<\/div>\n\t\t\t\t<div class=\"elementor-element elementor-element-488318b elementor-widget-divider--view-line elementor-widget elementor-widget-divider\" data-id=\"488318b\" data-element_type=\"widget\" data-widget_type=\"divider.default\">\n\t\t\t\t\t\t\t<div class=\"elementor-divider\">\n\t\t\t<span class=\"elementor-divider-separator\">\n\t\t\t\t\t\t<\/span>\n\t\t<\/div>\n\t\t\t\t\t\t<\/div>\n\t\t\t\t<div class=\"elementor-element elementor-element-5bd975b6 elementor-nav-menu--dropdown-none elementor-widget elementor-widget-nav-menu\" data-id=\"5bd975b6\" data-element_type=\"widget\" data-settings=\"{&quot;layout&quot;:&quot;vertical&quot;,&quot;submenu_icon&quot;:{&quot;value&quot;:&quot;&lt;svg class=\\&quot;e-font-icon-svg e-fas-caret-down\\&quot; viewBox=\\&quot;0 0 320 512\\&quot; xmlns=\\&quot;http:\\\/\\\/www.w3.org\\\/2000\\\/svg\\&quot;&gt;&lt;path d=\\&quot;M31.3 192h257.3c17.8 0 26.7 21.5 14.1 34.1L174.1 354.8c-7.8 7.8-20.5 7.8-28.3 0L17.2 226.1C4.6 213.5 13.5 192 31.3 192z\\&quot;&gt;&lt;\\\/path&gt;&lt;\\\/svg&gt;&quot;,&quot;library&quot;:&quot;fa-solid&quot;}}\" data-widget_type=\"nav-menu.default\">\n\t\t\t\t\t\t\t\t<nav aria-label=\"Men\u00fa\" class=\"elementor-nav-menu--main elementor-nav-menu__container elementor-nav-menu--layout-vertical e--pointer-text e--animation-none\">\r\n\t\t\t\t<ul id=\"menu-1-5bd975b6\" class=\"elementor-nav-menu sm-vertical\"><li class=\"menu-item menu-item-type-post_type menu-item-object-page menu-item-500\"><a href=\"https:\/\/ignislabs.com.au\/es\/testing-services\/\" class=\"elementor-item menu-link\">Servicios de pruebas<\/a><\/li>\n<li class=\"menu-item menu-item-type-post_type menu-item-object-page menu-item-499\"><a href=\"https:\/\/ignislabs.com.au\/es\/fire-resistance\/\" class=\"elementor-item menu-link\">Resistencia al fuego<\/a><\/li>\n<li class=\"menu-item menu-item-type-post_type menu-item-object-page menu-item-498\"><a href=\"https:\/\/ignislabs.com.au\/es\/fire-technical-services\/\" class=\"elementor-item menu-link\">Servicios t\u00e9cnicos contra incendios<\/a><\/li>\n<li class=\"menu-item menu-item-type-post_type menu-item-object-page menu-item-497\"><a href=\"https:\/\/ignislabs.com.au\/es\/fire-strategy-development\/\" class=\"elementor-item menu-link\">Desarrollo de la estrategia contra incendios<\/a><\/li>\n<li class=\"menu-item menu-item-type-post_type menu-item-object-page menu-item-496\"><a href=\"https:\/\/ignislabs.com.au\/es\/product-assessment\/\" class=\"elementor-item menu-link\">Evaluaci\u00f3n del producto<\/a><\/li>\n<li class=\"menu-item menu-item-type-post_type menu-item-object-page menu-item-495\"><a href=\"https:\/\/ignislabs.com.au\/es\/reaction-to-fire\/\" class=\"elementor-item menu-link\">Reacci\u00f3n al fuego<\/a><\/li>\n<li class=\"menu-item menu-item-type-post_type menu-item-object-page menu-item-527\"><a href=\"https:\/\/ignislabs.com.au\/es\/fire-engineering\/\" class=\"elementor-item menu-link\">Ingenier\u00eda de incendios<\/a><\/li>\n<li class=\"menu-item menu-item-type-post_type menu-item-object-page menu-item-504\"><a href=\"https:\/\/ignislabs.com.au\/es\/analysis-and-assessments\/\" class=\"elementor-item menu-link\">An\u00e1lisis y evaluaciones<\/a><\/li>\n<li class=\"menu-item menu-item-type-post_type menu-item-object-page menu-item-528\"><a href=\"https:\/\/ignislabs.com.au\/es\/fire-certification\/\" class=\"elementor-item menu-link\">Certificaci\u00f3n contra incendios<\/a><\/li>\n<li class=\"menu-item menu-item-type-post_type menu-item-object-page menu-item-529\"><a href=\"https:\/\/ignislabs.com.au\/es\/fire-testing-codes\/\" class=\"elementor-item menu-link\">C\u00f3digos de pruebas de fuego<\/a><\/li>\n<\/ul>\t\t\t<\/nav>\r\n\t\t\t\t\t\t<nav class=\"elementor-nav-menu--dropdown elementor-nav-menu__container\" aria-hidden=\"true\">\r\n\t\t\t\t<ul id=\"menu-2-5bd975b6\" class=\"elementor-nav-menu sm-vertical\"><li class=\"menu-item menu-item-type-post_type menu-item-object-page menu-item-500\"><a href=\"https:\/\/ignislabs.com.au\/es\/testing-services\/\" class=\"elementor-item menu-link\" tabindex=\"-1\">Servicios de pruebas<\/a><\/li>\n<li class=\"menu-item menu-item-type-post_type menu-item-object-page menu-item-499\"><a href=\"https:\/\/ignislabs.com.au\/es\/fire-resistance\/\" class=\"elementor-item menu-link\" tabindex=\"-1\">Resistencia al fuego<\/a><\/li>\n<li class=\"menu-item menu-item-type-post_type menu-item-object-page menu-item-498\"><a href=\"https:\/\/ignislabs.com.au\/es\/fire-technical-services\/\" class=\"elementor-item menu-link\" tabindex=\"-1\">Servicios t\u00e9cnicos contra incendios<\/a><\/li>\n<li class=\"menu-item menu-item-type-post_type menu-item-object-page menu-item-497\"><a href=\"https:\/\/ignislabs.com.au\/es\/fire-strategy-development\/\" class=\"elementor-item menu-link\" tabindex=\"-1\">Desarrollo de la estrategia contra incendios<\/a><\/li>\n<li class=\"menu-item menu-item-type-post_type menu-item-object-page menu-item-496\"><a href=\"https:\/\/ignislabs.com.au\/es\/product-assessment\/\" class=\"elementor-item menu-link\" tabindex=\"-1\">Evaluaci\u00f3n del producto<\/a><\/li>\n<li class=\"menu-item menu-item-type-post_type menu-item-object-page menu-item-495\"><a href=\"https:\/\/ignislabs.com.au\/es\/reaction-to-fire\/\" class=\"elementor-item menu-link\" tabindex=\"-1\">Reacci\u00f3n al fuego<\/a><\/li>\n<li class=\"menu-item menu-item-type-post_type menu-item-object-page menu-item-527\"><a href=\"https:\/\/ignislabs.com.au\/es\/fire-engineering\/\" class=\"elementor-item menu-link\" tabindex=\"-1\">Ingenier\u00eda de incendios<\/a><\/li>\n<li class=\"menu-item menu-item-type-post_type menu-item-object-page menu-item-504\"><a href=\"https:\/\/ignislabs.com.au\/es\/analysis-and-assessments\/\" class=\"elementor-item menu-link\" tabindex=\"-1\">An\u00e1lisis y evaluaciones<\/a><\/li>\n<li class=\"menu-item menu-item-type-post_type menu-item-object-page menu-item-528\"><a href=\"https:\/\/ignislabs.com.au\/es\/fire-certification\/\" class=\"elementor-item menu-link\" tabindex=\"-1\">Certificaci\u00f3n contra incendios<\/a><\/li>\n<li class=\"menu-item menu-item-type-post_type menu-item-object-page menu-item-529\"><a href=\"https:\/\/ignislabs.com.au\/es\/fire-testing-codes\/\" class=\"elementor-item menu-link\" tabindex=\"-1\">C\u00f3digos de pruebas de fuego<\/a><\/li>\n<\/ul>\t\t\t<\/nav>\r\n\t\t\t\t\t\t<\/div>\n\t\t\t\t\t<\/div>\n\t\t\t\t<\/div>\n\t\t<div class=\"elementor-element elementor-element-e25337f e-flex e-con-boxed e-con e-child\" data-id=\"e25337f\" data-element_type=\"container\" data-settings=\"{&quot;background_background&quot;:&quot;classic&quot;}\">\n\t\t\t\t\t<div class=\"e-con-inner\">\n\t\t\t\t<div class=\"elementor-element elementor-element-124295eb elementor-position-top elementor-widget elementor-widget-image-box\" data-id=\"124295eb\" data-element_type=\"widget\" data-widget_type=\"image-box.default\">\n\t\t\t\t\t<div class=\"elementor-image-box-wrapper\"><figure class=\"elementor-image-box-img\"><img decoding=\"async\" width=\"150\" height=\"150\" src=\"https:\/\/ignislabs.com.au\/wp-content\/uploads\/2024\/03\/comment.png\" class=\"attachment-full size-full wp-image-520\" alt=\"\" \/><\/figure><div class=\"elementor-image-box-content\"><h3 class=\"elementor-image-box-title\">\u00a1Conect\u00e9monos!<\/h3><\/div><\/div>\t\t\t\t<\/div>\n\t\t\t\t<div class=\"elementor-element elementor-element-5f01aae3 elementor-widget-divider--view-line elementor-widget elementor-widget-divider\" data-id=\"5f01aae3\" data-element_type=\"widget\" data-widget_type=\"divider.default\">\n\t\t\t\t\t\t\t<div class=\"elementor-divider\">\n\t\t\t<span class=\"elementor-divider-separator\">\n\t\t\t\t\t\t<\/span>\n\t\t<\/div>\n\t\t\t\t\t\t<\/div>\n\t\t\t\t<div class=\"elementor-element elementor-element-753f4604 elementor-align-center elementor-icon-list--layout-traditional elementor-list-item-link-full_width elementor-widget elementor-widget-icon-list\" data-id=\"753f4604\" data-element_type=\"widget\" data-widget_type=\"icon-list.default\">\n\t\t\t\t\t\t\t<ul class=\"elementor-icon-list-items\">\n\t\t\t\t\t\t\t<li class=\"elementor-icon-list-item\">\n\t\t\t\t\t\t\t\t\t\t\t<span class=\"elementor-icon-list-icon\">\n\t\t\t\t\t\t\t<svg aria-hidden=\"true\" class=\"e-font-icon-svg e-fas-phone-alt\" viewbox=\"0 0 512 512\" xmlns=\"http:\/\/www.w3.org\/2000\/svg\"><path d=\"M497.39 361.8l-112-48a24 24 0 0 0-28 6.9l-49.6 60.6A370.66 370.66 0 0 1 130.6 204.11l60.6-49.6a23.94 23.94 0 0 0 6.9-28l-48-112A24.16 24.16 0 0 0 122.6.61l-104 24A24 24 0 0 0 0 48c0 256.5 207.9 464 464 464a24 24 0 0 0 23.4-18.6l24-104a24.29 24.29 0 0 0-14.01-27.6z\"><\/path><\/svg>\t\t\t\t\t\t<\/span>\n\t\t\t\t\t\t\t\t\t\t<span class=\"elementor-icon-list-text\">1800 855 175<\/span>\n\t\t\t\t\t\t\t\t\t<\/li>\n\t\t\t\t\t\t\t\t<li class=\"elementor-icon-list-item\">\n\t\t\t\t\t\t\t\t\t\t\t<span class=\"elementor-icon-list-icon\">\n\t\t\t\t\t\t\t<svg aria-hidden=\"true\" class=\"e-font-icon-svg e-fas-envelope-open\" viewbox=\"0 0 512 512\" xmlns=\"http:\/\/www.w3.org\/2000\/svg\"><path d=\"M512 464c0 26.51-21.49 48-48 48H48c-26.51 0-48-21.49-48-48V200.724a48 48 0 0 1 18.387-37.776c24.913-19.529 45.501-35.365 164.2-121.511C199.412 29.17 232.797-.347 256 .003c23.198-.354 56.596 29.172 73.413 41.433 118.687 86.137 139.303 101.995 164.2 121.512A48 48 0 0 1 512 200.724V464zm-65.666-196.605c-2.563-3.728-7.7-4.595-11.339-1.907-22.845 16.873-55.462 40.705-105.582 77.079-16.825 12.266-50.21 41.781-73.413 41.43-23.211.344-56.559-29.143-73.413-41.43-50.114-36.37-82.734-60.204-105.582-77.079-3.639-2.688-8.776-1.821-11.339 1.907l-9.072 13.196a7.998 7.998 0 0 0 1.839 10.967c22.887 16.899 55.454 40.69 105.303 76.868 20.274 14.781 56.524 47.813 92.264 47.573 35.724.242 71.961-32.771 92.263-47.573 49.85-36.179 82.418-59.97 105.303-76.868a7.998 7.998 0 0 0 1.839-10.967l-9.071-13.196z\"><\/path><\/svg>\t\t\t\t\t\t<\/span>\n\t\t\t\t\t\t\t\t\t\t<span class=\"elementor-icon-list-text\">correo electr\u00f3nico@ignislabs.com.au<\/span>\n\t\t\t\t\t\t\t\t\t<\/li>\n\t\t\t\t\t\t<\/ul>\n\t\t\t\t\t\t<\/div>\n\t\t\t\t\t<\/div>\n\t\t\t\t<\/div>\n\t\t\t\t<\/div>\n\t\t\t\t\t<\/div>\n\t\t\t\t<\/div>\n\t\t\t\t<\/div>","protected":false},"excerpt":{"rendered":"<p>Ignis Labs are uniquely placed to provide material fire testing inline with the requirements of the building codes and reference [&hellip;]<\/p>","protected":false},"author":1,"featured_media":0,"parent":0,"menu_order":0,"comment_status":"closed","ping_status":"closed","template":"elementor_header_footer","meta":{"site-sidebar-layout":"no-sidebar","site-content-layout":"","ast-site-content-layout":"full-width-container","site-content-style":"default","site-sidebar-style":"default","ast-global-header-display":"","ast-banner-title-visibility":"","ast-main-header-display":"","ast-hfb-above-header-display":"","ast-hfb-below-header-display":"","ast-hfb-mobile-header-display":"","site-post-title":"disabled","ast-breadcrumbs-content":"","ast-featured-img":"disabled","footer-sml-layout":"","theme-transparent-header-meta":"default","adv-header-id-meta":"","stick-header-meta":"","header-above-stick-meta":"","header-main-stick-meta":"","header-below-stick-meta":"","astra-migrate-meta-layouts":"set","ast-page-background-enabled":"default","ast-page-background-meta":{"desktop":{"background-color":"var(--ast-global-color-4)","background-image":"","background-repeat":"repeat","background-position":"center center","background-size":"auto","background-attachment":"scroll","background-type":"","background-media":"","overlay-type":"","overlay-color":"","overlay-opacity":"","overlay-gradient":""},"tablet":{"background-color":"","background-image":"","background-repeat":"repeat","background-position":"center center","background-size":"auto","background-attachment":"scroll","background-type":"","background-media":"","overlay-type":"","overlay-color":"","overlay-opacity":"","overlay-gradient":""},"mobile":{"background-color":"","background-image":"","background-repeat":"repeat","background-position":"center center","background-size":"auto","background-attachment":"scroll","background-type":"","background-media":"","overlay-type":"","overlay-color":"","overlay-opacity":"","overlay-gradient":""}},"ast-content-background-meta":{"desktop":{"background-color":"var(--ast-global-color-5)","background-image":"","background-repeat":"repeat","background-position":"center center","background-size":"auto","background-attachment":"scroll","background-type":"","background-media":"","overlay-type":"","overlay-color":"","overlay-opacity":"","overlay-gradient":""},"tablet":{"background-color":"var(--ast-global-color-5)","background-image":"","background-repeat":"repeat","background-position":"center center","background-size":"auto","background-attachment":"scroll","background-type":"","background-media":"","overlay-type":"","overlay-color":"","overlay-opacity":"","overlay-gradient":""},"mobile":{"background-color":"var(--ast-global-color-5)","background-image":"","background-repeat":"repeat","background-position":"center center","background-size":"auto","background-attachment":"scroll","background-type":"","background-media":"","overlay-type":"","overlay-color":"","overlay-opacity":"","overlay-gradient":""}},"footnotes":""},"categories":[],"class_list":["post-1271","page","type-page","status-publish","hentry"],"_links":{"self":[{"href":"https:\/\/ignislabs.com.au\/es\/wp-json\/wp\/v2\/pages\/1271","targetHints":{"allow":["GET"]}}],"collection":[{"href":"https:\/\/ignislabs.com.au\/es\/wp-json\/wp\/v2\/pages"}],"about":[{"href":"https:\/\/ignislabs.com.au\/es\/wp-json\/wp\/v2\/types\/page"}],"author":[{"embeddable":true,"href":"https:\/\/ignislabs.com.au\/es\/wp-json\/wp\/v2\/users\/1"}],"replies":[{"embeddable":true,"href":"https:\/\/ignislabs.com.au\/es\/wp-json\/wp\/v2\/comments?post=1271"}],"version-history":[{"count":10,"href":"https:\/\/ignislabs.com.au\/es\/wp-json\/wp\/v2\/pages\/1271\/revisions"}],"predecessor-version":[{"id":1829,"href":"https:\/\/ignislabs.com.au\/es\/wp-json\/wp\/v2\/pages\/1271\/revisions\/1829"}],"wp:attachment":[{"href":"https:\/\/ignislabs.com.au\/es\/wp-json\/wp\/v2\/media?parent=1271"}],"wp:term":[{"taxonomy":"category","embeddable":true,"href":"https:\/\/ignislabs.com.au\/es\/wp-json\/wp\/v2\/categories?post=1271"}],"curies":[{"name":"wp","href":"https:\/\/api.w.org\/{rel}","templated":true}]}}